{"id":315,"date":"2024-01-23T12:24:27","date_gmt":"2024-01-23T11:24:27","guid":{"rendered":"https:\/\/leselineal.de\/?post_type=product&#038;p=315"},"modified":"2024-01-27T16:51:33","modified_gmt":"2024-01-27T15:51:33","slug":"lesehilfe-mit-lineal","status":"publish","type":"product","link":"https:\/\/leselineal.de\/index.php\/produkt\/lesehilfe-mit-lineal\/","title":{"rendered":"Lesehilfe mit oder ohne Lineal"},"content":{"rendered":"<p>Die Gravur\u00a0erfolgt\u00a0mit einem CO\u00b2 Laser. Ma\u00dftoleranz +\/- 0,1 bis 1,0mm.<\/p>\n<p>Auf dem Holz kann es zu Staubablagerungen kommen.<\/p>\n<p>Gravuren auf Holz werden Braun oder Schwarz und niemals Farbig. Siehe Bsp. Bilder<\/p>\n","protected":false},"excerpt":{"rendered":"<p>Unsere Holz-Lesehilfe vereint Funktionalit\u00e4t und Eleganz, um Ihr Leseerlebnis zu verbessern. Hergestellt aus hochwertigem, nachhaltigem Holz, bietet sie eine nat\u00fcrliche und angenehme Haptik.<\/p>\n<ul>\n<li><strong>Mr. Abstand: <\/strong>Das Konzept des &#8222;Mr. Abstandes&#8220; wird verwendet, um Kindern beizubringen, den richtigen Abstand zwischen den W\u00f6rtern einzuhalten.<\/li>\n<li><strong>Stilvolles Design:<\/strong> Mit ihren Motiven verziert, f\u00fcgt sich die Lesehilfe harmonisch in jede Lekt\u00fcre ein und verleiht ihr eine besondere Note.<\/li>\n<li><strong>Umweltfreundlich:<\/strong> Durch die Verwendung von Holz aus nachhaltiger Forstwirtschaft tragen Sie mit jedem Gebrauch zur Schonung unserer Umwelt bei.<\/li>\n<\/ul>\n<p>Entdecken Sie mit unserer Holz-Lesehilfe eine neue Art des Lesens, bei der Funktionalit\u00e4t und \u00c4sthetik Hand in Hand gehen.<\/p>\n","protected":false},"featured_media":256,"template":"","meta":[],"product_brand":[],"product_cat":[18],"product_tag":[],"class_list":{"0":"post-315","1":"product","2":"type-product","3":"status-publish","6":"product_cat-lesehilfe","8":"first","9":"instock","10":"taxable","11":"shipping-taxable","12":"purchasable","13":"product-type-variable"},"yoast_head":"<!-- This site is optimized with the Yoast SEO plugin v27.3 - https:\/\/yoast.com\/product\/yoast-seo-wordpress\/ -->\n<title>Lesehilfe mit oder ohne Lineal - Leselineal.de<\/title>\n<meta name=\"robots\" content=\"index, follow, max-snippet:-1, max-image-preview:large, max-video-preview:-1\" \/>\n<link rel=\"canonical\" href=\"https:\/\/leselineal.de\/index.php\/produkt\/lesehilfe-mit-lineal\/\" \/>\n<meta property=\"og:locale\" content=\"de_DE\" \/>\n<meta property=\"og:type\" content=\"article\" \/>\n<meta property=\"og:title\" content=\"Lesehilfe mit oder ohne Lineal - Leselineal.de\" \/>\n<meta property=\"og:description\" content=\"Unsere Holz-Lesehilfe vereint Funktionalit\u00e4t und Eleganz, um Ihr Leseerlebnis zu verbessern. Hergestellt aus hochwertigem, nachhaltigem Holz, bietet sie eine nat\u00fcrliche und angenehme Haptik.   Mr. Abstand: Das Konzept des &quot;Mr. Abstandes&quot; wird verwendet, um Kindern beizubringen, den richtigen Abstand zwischen den W\u00f6rtern einzuhalten.  Stilvolles Design: Mit ihren Motiven verziert, f\u00fcgt sich die Lesehilfe harmonisch in jede Lekt\u00fcre ein und verleiht ihr eine besondere Note.  Umweltfreundlich: Durch die Verwendung von Holz aus nachhaltiger Forstwirtschaft tragen Sie mit jedem Gebrauch zur Schonung unserer Umwelt bei.  Entdecken Sie mit unserer Holz-Lesehilfe eine neue Art des Lesens, bei der Funktionalit\u00e4t und \u00c4sthetik Hand in Hand gehen.\" \/>\n<meta property=\"og:url\" content=\"https:\/\/leselineal.de\/index.php\/produkt\/lesehilfe-mit-lineal\/\" \/>\n<meta property=\"og:site_name\" content=\"Leselineal.de\" \/>\n<meta property=\"article:modified_time\" content=\"2024-01-27T15:51:33+00:00\" \/>\n<meta property=\"og:image\" content=\"https:\/\/leselineal.de\/wp-content\/uploads\/2024\/01\/lesemitlineal-1.png\" \/>\n\t<meta property=\"og:image:width\" content=\"800\" \/>\n\t<meta property=\"og:image:height\" content=\"800\" \/>\n\t<meta property=\"og:image:type\" content=\"image\/png\" \/>\n<meta name=\"twitter:card\" content=\"summary_large_image\" \/>\n<meta name=\"twitter:label1\" content=\"Gesch\u00e4tzte Lesezeit\" \/>\n\t<meta name=\"twitter:data1\" content=\"1\u00a0Minute\" \/>\n<script type=\"application\/ld+json\" class=\"yoast-schema-graph\">{\"@context\":\"https:\\\/\\\/schema.org\",\"@graph\":[{\"@type\":\"WebPage\",\"@id\":\"https:\\\/\\\/leselineal.de\\\/index.php\\\/produkt\\\/lesehilfe-mit-lineal\\\/\",\"url\":\"https:\\\/\\\/leselineal.de\\\/index.php\\\/produkt\\\/lesehilfe-mit-lineal\\\/\",\"name\":\"Lesehilfe mit oder ohne Lineal - Leselineal.de\",\"isPartOf\":{\"@id\":\"https:\\\/\\\/leselineal.de\\\/#website\"},\"primaryImageOfPage\":{\"@id\":\"https:\\\/\\\/leselineal.de\\\/index.php\\\/produkt\\\/lesehilfe-mit-lineal\\\/#primaryimage\"},\"image\":{\"@id\":\"https:\\\/\\\/leselineal.de\\\/index.php\\\/produkt\\\/lesehilfe-mit-lineal\\\/#primaryimage\"},\"thumbnailUrl\":\"https:\\\/\\\/leselineal.de\\\/wp-content\\\/uploads\\\/2024\\\/01\\\/lesemitlineal-1.png\",\"datePublished\":\"2024-01-23T11:24:27+00:00\",\"dateModified\":\"2024-01-27T15:51:33+00:00\",\"breadcrumb\":{\"@id\":\"https:\\\/\\\/leselineal.de\\\/index.php\\\/produkt\\\/lesehilfe-mit-lineal\\\/#breadcrumb\"},\"inLanguage\":\"de\",\"potentialAction\":[{\"@type\":\"ReadAction\",\"target\":[\"https:\\\/\\\/leselineal.de\\\/index.php\\\/produkt\\\/lesehilfe-mit-lineal\\\/\"]}]},{\"@type\":\"ImageObject\",\"inLanguage\":\"de\",\"@id\":\"https:\\\/\\\/leselineal.de\\\/index.php\\\/produkt\\\/lesehilfe-mit-lineal\\\/#primaryimage\",\"url\":\"https:\\\/\\\/leselineal.de\\\/wp-content\\\/uploads\\\/2024\\\/01\\\/lesemitlineal-1.png\",\"contentUrl\":\"https:\\\/\\\/leselineal.de\\\/wp-content\\\/uploads\\\/2024\\\/01\\\/lesemitlineal-1.png\",\"width\":800,\"height\":800},{\"@type\":\"BreadcrumbList\",\"@id\":\"https:\\\/\\\/leselineal.de\\\/index.php\\\/produkt\\\/lesehilfe-mit-lineal\\\/#breadcrumb\",\"itemListElement\":[{\"@type\":\"ListItem\",\"position\":1,\"name\":\"Startseite\",\"item\":\"https:\\\/\\\/leselineal.de\\\/\"},{\"@type\":\"ListItem\",\"position\":2,\"name\":\"Shop\",\"item\":\"https:\\\/\\\/leselineal.de\\\/index.php\\\/shop\\\/\"},{\"@type\":\"ListItem\",\"position\":3,\"name\":\"Lesehilfe mit oder ohne Lineal\"}]},{\"@type\":\"WebSite\",\"@id\":\"https:\\\/\\\/leselineal.de\\\/#website\",\"url\":\"https:\\\/\\\/leselineal.de\\\/\",\"name\":\"Leselineal.de\",\"description\":\"\",\"publisher\":{\"@id\":\"https:\\\/\\\/leselineal.de\\\/#organization\"},\"potentialAction\":[{\"@type\":\"SearchAction\",\"target\":{\"@type\":\"EntryPoint\",\"urlTemplate\":\"https:\\\/\\\/leselineal.de\\\/?s={search_term_string}\"},\"query-input\":{\"@type\":\"PropertyValueSpecification\",\"valueRequired\":true,\"valueName\":\"search_term_string\"}}],\"inLanguage\":\"de\"},{\"@type\":\"Organization\",\"@id\":\"https:\\\/\\\/leselineal.de\\\/#organization\",\"name\":\"Leselineal.de\",\"url\":\"https:\\\/\\\/leselineal.de\\\/\",\"logo\":{\"@type\":\"ImageObject\",\"inLanguage\":\"de\",\"@id\":\"https:\\\/\\\/leselineal.de\\\/#\\\/schema\\\/logo\\\/image\\\/\",\"url\":\"https:\\\/\\\/leselineal.de\\\/wp-content\\\/uploads\\\/2024\\\/02\\\/cropped-fliege-2.png\",\"contentUrl\":\"https:\\\/\\\/leselineal.de\\\/wp-content\\\/uploads\\\/2024\\\/02\\\/cropped-fliege-2.png\",\"width\":141,\"height\":150,\"caption\":\"Leselineal.de\"},\"image\":{\"@id\":\"https:\\\/\\\/leselineal.de\\\/#\\\/schema\\\/logo\\\/image\\\/\"}}]}<\/script>\n<!-- \/ Yoast SEO plugin. -->","yoast_head_json":{"title":"Lesehilfe mit oder ohne Lineal - Leselineal.de","robots":{"index":"index","follow":"follow","max-snippet":"max-snippet:-1","max-image-preview":"max-image-preview:large","max-video-preview":"max-video-preview:-1"},"canonical":"https:\/\/leselineal.de\/index.php\/produkt\/lesehilfe-mit-lineal\/","og_locale":"de_DE","og_type":"article","og_title":"Lesehilfe mit oder ohne Lineal - Leselineal.de","og_description":"Unsere Holz-Lesehilfe vereint Funktionalit\u00e4t und Eleganz, um Ihr Leseerlebnis zu verbessern. Hergestellt aus hochwertigem, nachhaltigem Holz, bietet sie eine nat\u00fcrliche und angenehme Haptik.   Mr. Abstand: Das Konzept des \"Mr. Abstandes\" wird verwendet, um Kindern beizubringen, den richtigen Abstand zwischen den W\u00f6rtern einzuhalten.  Stilvolles Design: Mit ihren Motiven verziert, f\u00fcgt sich die Lesehilfe harmonisch in jede Lekt\u00fcre ein und verleiht ihr eine besondere Note.  Umweltfreundlich: Durch die Verwendung von Holz aus nachhaltiger Forstwirtschaft tragen Sie mit jedem Gebrauch zur Schonung unserer Umwelt bei.  Entdecken Sie mit unserer Holz-Lesehilfe eine neue Art des Lesens, bei der Funktionalit\u00e4t und \u00c4sthetik Hand in Hand gehen.","og_url":"https:\/\/leselineal.de\/index.php\/produkt\/lesehilfe-mit-lineal\/","og_site_name":"Leselineal.de","article_modified_time":"2024-01-27T15:51:33+00:00","og_image":[{"width":800,"height":800,"url":"https:\/\/leselineal.de\/wp-content\/uploads\/2024\/01\/lesemitlineal-1.png","type":"image\/png"}],"twitter_card":"summary_large_image","twitter_misc":{"Gesch\u00e4tzte Lesezeit":"1\u00a0Minute"},"schema":{"@context":"https:\/\/schema.org","@graph":[{"@type":"WebPage","@id":"https:\/\/leselineal.de\/index.php\/produkt\/lesehilfe-mit-lineal\/","url":"https:\/\/leselineal.de\/index.php\/produkt\/lesehilfe-mit-lineal\/","name":"Lesehilfe mit oder ohne Lineal - Leselineal.de","isPartOf":{"@id":"https:\/\/leselineal.de\/#website"},"primaryImageOfPage":{"@id":"https:\/\/leselineal.de\/index.php\/produkt\/lesehilfe-mit-lineal\/#primaryimage"},"image":{"@id":"https:\/\/leselineal.de\/index.php\/produkt\/lesehilfe-mit-lineal\/#primaryimage"},"thumbnailUrl":"https:\/\/leselineal.de\/wp-content\/uploads\/2024\/01\/lesemitlineal-1.png","datePublished":"2024-01-23T11:24:27+00:00","dateModified":"2024-01-27T15:51:33+00:00","breadcrumb":{"@id":"https:\/\/leselineal.de\/index.php\/produkt\/lesehilfe-mit-lineal\/#breadcrumb"},"inLanguage":"de","potentialAction":[{"@type":"ReadAction","target":["https:\/\/leselineal.de\/index.php\/produkt\/lesehilfe-mit-lineal\/"]}]},{"@type":"ImageObject","inLanguage":"de","@id":"https:\/\/leselineal.de\/index.php\/produkt\/lesehilfe-mit-lineal\/#primaryimage","url":"https:\/\/leselineal.de\/wp-content\/uploads\/2024\/01\/lesemitlineal-1.png","contentUrl":"https:\/\/leselineal.de\/wp-content\/uploads\/2024\/01\/lesemitlineal-1.png","width":800,"height":800},{"@type":"BreadcrumbList","@id":"https:\/\/leselineal.de\/index.php\/produkt\/lesehilfe-mit-lineal\/#breadcrumb","itemListElement":[{"@type":"ListItem","position":1,"name":"Startseite","item":"https:\/\/leselineal.de\/"},{"@type":"ListItem","position":2,"name":"Shop","item":"https:\/\/leselineal.de\/index.php\/shop\/"},{"@type":"ListItem","position":3,"name":"Lesehilfe mit oder ohne Lineal"}]},{"@type":"WebSite","@id":"https:\/\/leselineal.de\/#website","url":"https:\/\/leselineal.de\/","name":"Leselineal.de","description":"","publisher":{"@id":"https:\/\/leselineal.de\/#organization"},"potentialAction":[{"@type":"SearchAction","target":{"@type":"EntryPoint","urlTemplate":"https:\/\/leselineal.de\/?s={search_term_string}"},"query-input":{"@type":"PropertyValueSpecification","valueRequired":true,"valueName":"search_term_string"}}],"inLanguage":"de"},{"@type":"Organization","@id":"https:\/\/leselineal.de\/#organization","name":"Leselineal.de","url":"https:\/\/leselineal.de\/","logo":{"@type":"ImageObject","inLanguage":"de","@id":"https:\/\/leselineal.de\/#\/schema\/logo\/image\/","url":"https:\/\/leselineal.de\/wp-content\/uploads\/2024\/02\/cropped-fliege-2.png","contentUrl":"https:\/\/leselineal.de\/wp-content\/uploads\/2024\/02\/cropped-fliege-2.png","width":141,"height":150,"caption":"Leselineal.de"},"image":{"@id":"https:\/\/leselineal.de\/#\/schema\/logo\/image\/"}}]}},"jetpack_sharing_enabled":true,"_links":{"self":[{"href":"https:\/\/leselineal.de\/index.php\/wp-json\/wp\/v2\/product\/315","targetHints":{"allow":["GET"]}}],"collection":[{"href":"https:\/\/leselineal.de\/index.php\/wp-json\/wp\/v2\/product"}],"about":[{"href":"https:\/\/leselineal.de\/index.php\/wp-json\/wp\/v2\/types\/product"}],"wp:featuredmedia":[{"embeddable":true,"href":"https:\/\/leselineal.de\/index.php\/wp-json\/wp\/v2\/media\/256"}],"wp:attachment":[{"href":"https:\/\/leselineal.de\/index.php\/wp-json\/wp\/v2\/media?parent=315"}],"wp:term":[{"taxonomy":"product_brand","embeddable":true,"href":"https:\/\/leselineal.de\/index.php\/wp-json\/wp\/v2\/product_brand?post=315"},{"taxonomy":"product_cat","embeddable":true,"href":"https:\/\/leselineal.de\/index.php\/wp-json\/wp\/v2\/product_cat?post=315"},{"taxonomy":"product_tag","embeddable":true,"href":"https:\/\/leselineal.de\/index.php\/wp-json\/wp\/v2\/product_tag?post=315"}],"curies":[{"name":"wp","href":"https:\/\/api.w.org\/{rel}","templated":true}]}}