{"id":420,"date":"2024-01-25T11:21:31","date_gmt":"2024-01-25T10:21:31","guid":{"rendered":"https:\/\/leselineal.de\/?page_id=420"},"modified":"2024-01-27T16:11:24","modified_gmt":"2024-01-27T15:11:24","slug":"kontakt","status":"publish","type":"page","link":"https:\/\/leselineal.de\/index.php\/kontakt\/","title":{"rendered":"Kontakt"},"content":{"rendered":"\n<p>Vielen Dank, dass Sie uns kontaktieren m\u00f6chten! <br>Wir freuen uns, von Ihnen zu h\u00f6ren! Wenn Sie Fragen haben, weitere Informationen ben\u00f6tigen oder einfach nur mit uns sprechen m\u00f6chten, stehen wir Ihnen gerne zur Verf\u00fcgung. Sie k\u00f6nnen uns auf verschiedene Weisen kontaktieren:<\/p>\n\n\n\n<p><strong>Telefon:<\/strong> Wenn Sie lieber telefonisch mit uns sprechen m\u00f6chten, rufen Sie uns bitte unter 06431\/9441286 an. Unsere freundlichen Mitarbeiter stehen Ihnen w\u00e4hrend unserer Gesch\u00e4ftszeiten zur Verf\u00fcgung.<br><strong>E-Mail:<\/strong> Schreiben Sie uns eine E-Mail an info@design-limburg.de. Wir antworten Ihnen so schnell wie m\u00f6glich.<br><strong>Kontaktformular<\/strong>: F\u00fcllen Sie das Kontaktformular auf unserer Website aus und senden Sie uns Ihre Anfrage. Wir werden uns umgehend bei Ihnen melden.<\/p>\n\n\n\n<p>Wir freuen uns darauf, von Ihnen zu h\u00f6ren und Ihnen weiterzuhelfen!&#8220;<\/p>\n\n\n\n<div style=\"height:100px\" aria-hidden=\"true\" class=\"wp-block-spacer\"><\/div>\n\n\n\n<div class=\"forminator-guttenberg\"><div class=\"forminator-ui forminator-custom-form forminator-custom-form-422 forminator-design--default  forminator_ajax\" data-forminator-render=\"0\" data-form=\"forminator-module-422\" data-uid=\"69da6e31705ce\"><br\/><\/div><form\n\t\t\t\tid=\"forminator-module-422\"\n\t\t\t\tclass=\"forminator-ui forminator-custom-form forminator-custom-form-422 forminator-design--default  forminator_ajax\"\n\t\t\t\tmethod=\"post\"\n\t\t\t\tdata-forminator-render=\"0\"\n\t\t\t\tdata-form-id=\"422\"\n\t\t\t\tenctype=\"multipart\/form-data\" data-color-option=\"default\" data-design=\"default\" data-grid=\"open\" style=\"display: none;\"\n\t\t\t\tdata-uid=\"69da6e31705ce\"\n\t\t\t><div role=\"alert\" aria-live=\"polite\" class=\"forminator-response-message forminator-error\" aria-hidden=\"true\"><\/div><div class=\"forminator-row\"><div id=\"name-1\" class=\"forminator-field-name forminator-col forminator-col-12 \"><div class=\"forminator-field\"><label for=\"forminator-field-name-1_69da6e31705ce\" id=\"forminator-field-name-1_69da6e31705ce-label\" class=\"forminator-label\">Vorname <span class=\"forminator-required\">*<\/span><\/label><input type=\"text\" name=\"name-1\" value=\"\" placeholder=\"z. B. Max\" id=\"forminator-field-name-1_69da6e31705ce\" class=\"forminator-input forminator-name--field\" aria-required=\"true\" autocomplete=\"name\" \/><\/div><\/div><\/div><div class=\"forminator-row\"><div id=\"email-1\" class=\"forminator-field-email forminator-col forminator-col-12 \"><div class=\"forminator-field\"><label for=\"forminator-field-email-1_69da6e31705ce\" id=\"forminator-field-email-1_69da6e31705ce-label\" class=\"forminator-label\">E-Mail-Adresse <span class=\"forminator-required\">*<\/span><\/label><input type=\"email\" name=\"email-1\" value=\"\" placeholder=\"z. B. max@mustermann.de\" id=\"forminator-field-email-1_69da6e31705ce\" class=\"forminator-input forminator-email--field\" data-required=\"true\" aria-required=\"true\" autocomplete=\"email\" \/><\/div><\/div><\/div><div class=\"forminator-row\"><div id=\"phone-1\" class=\"forminator-field-phone forminator-col forminator-col-12 \"><div class=\"forminator-field\"><label for=\"forminator-field-phone-1_69da6e31705ce\" id=\"forminator-field-phone-1_69da6e31705ce-label\" class=\"forminator-label\">Telefonnummer<\/label><input type=\"text\" name=\"phone-1\" value=\"\" placeholder=\"z. B. +49 3004005000\" id=\"forminator-field-phone-1_69da6e31705ce\" class=\"forminator-input forminator-field--phone\" data-required=\"\" aria-required=\"false\" autocomplete=\"off\" \/><\/div><\/div><\/div><div class=\"forminator-row\"><div id=\"textarea-1\" class=\"forminator-field-textarea forminator-col forminator-col-12 \"><div class=\"forminator-field\"><label for=\"forminator-field-textarea-1_69da6e31705ce\" id=\"forminator-field-textarea-1_69da6e31705ce-label\" class=\"forminator-label\">Nachricht<\/label><textarea name=\"textarea-1\" placeholder=\"Gib deine Nachricht ein...\" id=\"forminator-field-textarea-1_69da6e31705ce\" class=\"forminator-textarea\" rows=\"6\" style=\"min-height:140px;\" maxlength=\"180\" ><\/textarea><span id=\"forminator-field-textarea-1_69da6e31705ce-description\" class=\"forminator-description\"><span data-limit=\"180\" data-type=\"characters\" data-editor=\"\">0 \/ 180<\/span><\/span><\/div><\/div><\/div><div class=\"forminator-row\"><div id=\"upload-1\" class=\"forminator-field-upload forminator-col forminator-col-12 \"><div class=\"forminator-field\"><label for=\"forminator-field-upload-1_69da6e31705ce\" id=\"forminator-field-upload-1_69da6e31705ce-label\" class=\"forminator-label\">Datei hochladen<\/label><div class=\"forminator-file-upload \" data-element=\"upload-1_69da6e31705ce\"><input type=\"file\" name=\"upload-1\" id=\"forminator-field-upload-1_69da6e31705ce\" class=\"forminator-input-file\" accept=\".jpg,.jpeg,.jpe,.gif,.png,.bmp,.tiff,.tif,.webp,.ico,.heic,.asf,.asx,.wmv,.wmx,.wm,.avi,.divx,.flv,.mov,.qt,.mpeg,.mpg,.mpe,.mp4,.m4v,.ogv,.webm,.mkv,.3gp,.3gpp,.3g2,.3gp2,.txt,.asc,.c,.cc,.h,.srt,.csv,.tsv,.ics,.rtx,.vtt,.mp3,.m4a,.m4b,.aac,.ra,.ram,.wav,.ogg,.oga,.flac,.mid,.midi,.wma,.wax,.mka,.rtf,.pdf,.class,.tar,.zip,.gz,.gzip,.7z,.psd,.xcf,.doc,.pot,.pps,.ppt,.wri,.xla,.xls,.xlt,.xlw,.mdb,.mpp,.docx,.docm,.dotx,.dotm,.xlsx,.xlsm,.xlsb,.xltx,.xltm,.xlam,.pptx,.pptm,.ppsx,.ppsm,.potx,.potm,.ppam,.sldx,.sldm,.onetoc,.onetoc2,.onetmp,.onepkg,.oxps,.xps,.odt,.odp,.ods,.odg,.odc,.odb,.odf,.wp,.wpd,.key,.numbers,.pages,.gz\" tabindex=\"-1\"><button id=\"forminator-field-upload-1_69da6e31705ce_button\" class=\"forminator-button forminator-button-upload\" data-id=\"forminator-field-upload-1_69da6e31705ce\">Datei ausw\u00e4hlen<\/button><span data-empty-text=\"Keine Datei ausgew\u00e4hlt\">Keine Datei ausgew\u00e4hlt<\/span><button class=\"forminator-button-delete\" style=\"display: none;\"><i class=\"forminator-icon-close\" aria-hidden=\"true\"><\/i><span class=\"forminator-screen-reader-only\">Hochgeladene Datei l\u00f6schen<\/span><\/button><\/div><\/div><\/div><\/div><div class=\"forminator-row\"><div id=\"consent-1\" class=\"forminator-field-consent forminator-col forminator-col-12 \"><div class=\"forminator-field\"><label for=\"forminator-field-consent-1_69da6e31705ce\" id=\"forminator-field-consent-1_69da6e31705ce-label\" class=\"forminator-label\">Datenschutz <span class=\"forminator-required\">*<\/span><\/label><div class=\"forminator-checkbox__wrapper\"><label id=\"forminator-field-consent-1_69da6e31705ce__label\" class=\"forminator-checkbox forminator-consent\"><input type=\"checkbox\" name=\"consent-1\" id=\"forminator-field-consent-1_69da6e31705ce\" value=\"checked\" aria-labelledby=\"forminator-field-consent-1_69da6e31705ce-label\" aria-describedby=\"forminator-field-consent-1_69da6e31705ce__description\" data-required=\"true\" aria-required=\"true\" \/><span class=\"forminator-checkbox-box\" aria-hidden=\"true\"><\/span><\/label><div id=\"forminator-field-consent-1_69da6e31705ce__description\" class=\"forminator-checkbox__label forminator-consent__label\"><p>Ich erkl\u00e4re mich damit einverstanden, dass die personenbezogenen Daten, die im Rahmen einer Kontaktanfrage angegeben werden, f\u00fcr die Bearbeitung Meiner Anfrage genutzt und unverz\u00fcglich vom Webserver gel\u00f6scht werden. Wir weisen darauf hin, dass die Nachrichten gegebenenfalls im Rahmen gesetzlich bestehender Aufbewahrungspflichten aufbewahrt werden. Eine Weitergabe an Dritte findet nicht statt. Weitere Informationen zum Datenschutz findest Du in unserer Datenschutzerkl\u00e4rung.<\/p><\/div><\/div><\/div><\/div><\/div><input type=\"hidden\" name=\"referer_url\" value=\"\" \/><div class=\"forminator-row forminator-row-last\"><div class=\"forminator-col\"><div class=\"forminator-field\"><button class=\"forminator-button forminator-button-submit\">Nachricht senden<\/button><\/div><\/div><\/div><input type=\"hidden\" id=\"forminator_nonce\" name=\"forminator_nonce\" value=\"8e4c1dba6f\" \/><input type=\"hidden\" name=\"_wp_http_referer\" value=\"\/index.php\/wp-json\/wp\/v2\/pages\/420\" \/><input type=\"hidden\" name=\"form_id\" value=\"422\"><input type=\"hidden\" name=\"page_id\" value=\"420\"><input type=\"hidden\" name=\"form_type\" value=\"default\"><input type=\"hidden\" name=\"current_url\" value=\"https:\/\/leselineal.de\/index.php\/kontakt\/\"><input type=\"hidden\" name=\"render_id\" value=\"0\"><input type=\"hidden\" name=\"action\" value=\"forminator_submit_form_custom-forms\"><\/form><\/div>\n\n\n\n<div style=\"height:100px\" aria-hidden=\"true\" class=\"wp-block-spacer\"><\/div>\n\n\n\n<div class=\"wp-block-columns is-layout-flex wp-container-core-columns-is-layout-9d6595d7 wp-block-columns-is-layout-flex\">\n<div class=\"wp-block-column is-layout-flow wp-block-column-is-layout-flow\" style=\"flex-basis:25%\">\n<p class=\"has-text-align-center\"><strong>Leselineal.de<\/strong><\/p>\n\n\n\n<p class=\"has-text-align-center\">Am Schlag 32a<\/p>\n\n\n\n<p class=\"has-text-align-center\">65549 Limburg<\/p>\n\n\n\n<p class=\"has-text-align-center\">Tel.: 06431 944 12 86<\/p>\n\n\n\n<p class=\"has-text-align-center\"><strong>info@design-limburg.de<\/strong><\/p>\n<\/div>\n\n\n\n<div class=\"wp-block-column is-layout-flow wp-block-column-is-layout-flow\" style=\"flex-basis:50%\">\n<iframe src=\"https:\/\/www.google.com\/maps\/embed?pb=!1m18!1m12!1m3!1d899.2091216065243!2d8.067834032631172!3d50.39736164732317!2m3!1f0!2f0!3f0!3m2!1i1024!2i768!4f13.1!3m3!1m2!1s0x47bdccd501cc39f1%3A0x9ac03d9d5e33f1d6!2sAm%20Schlag%2032a%2C%2065549%20Limburg%20an%20der%20Lahn!5e0!3m2!1sde!2sde!4v1698229097682!5m2!1sde!2sde\" width=\"600\" height=\"450\" style=\"border:0;\" allowfullscreen=\"\" loading=\"lazy\" referrerpolicy=\"no-referrer-when-downgrade\"><\/iframe>\n<\/div>\n\n\n\n<div class=\"wp-block-column is-layout-flow wp-block-column-is-layout-flow\" style=\"flex-basis:25%\"><dl class=\"jetpack-business-hours wp-block-jetpack-business-hours\"><div class=\"jetpack-business-hours__item\"><dt class=\"Mon\">Montag<\/dt><dd class=\"Mon\">9:00 &#8211; 14:30<\/dd><\/div><div class=\"jetpack-business-hours__item\"><dt class=\"Tue\">Dienstag<\/dt><dd class=\"Tue\">9:00 &#8211; 17:00<\/dd><\/div><div class=\"jetpack-business-hours__item\"><dt class=\"Wed\">Mittwoch<\/dt><dd class=\"Wed\">9:00 &#8211; 14:30<\/dd><\/div><div class=\"jetpack-business-hours__item\"><dt class=\"Thu\">Donnerstag<\/dt><dd class=\"Thu\">9:00 &#8211; 14:30<\/dd><\/div><div class=\"jetpack-business-hours__item\"><dt class=\"Fri\">Freitag<\/dt><dd class=\"Fri\">9:00 &#8211; 13:30<\/dd><\/div><div class=\"jetpack-business-hours__item\"><dt class=\"Sat\">Samstag<\/dt><dd class=\"Sat\">Geschlossen<\/dd><\/div><div class=\"jetpack-business-hours__item\"><dt class=\"Sun\">Sonntag<\/dt><dd class=\"Sun\">Geschlossen<\/dd><\/div><\/dl><\/div>\n<\/div>\n\n\n\n<div style=\"height:100px\" aria-hidden=\"true\" class=\"wp-block-spacer\"><\/div>\n","protected":false},"excerpt":{"rendered":"<p>Vielen Dank, dass Sie uns kontaktieren m\u00f6chten! Wir freuen uns, von Ihnen zu h\u00f6ren! Wenn Sie Fragen haben, weitere Informationen ben\u00f6tigen oder einfach nur mit uns sprechen m\u00f6chten, stehen wir<\/p>\n","protected":false},"author":1,"featured_media":0,"parent":0,"menu_order":0,"comment_status":"closed","ping_status":"closed","template":"","meta":{"footnotes":""},"class_list":{"1":"page","2":"type-page","3":"status-publish","4":"hentry"},"yoast_head":"<!-- This site is optimized with the Yoast SEO plugin v27.3 - https:\/\/yoast.com\/product\/yoast-seo-wordpress\/ -->\n<title>Kontakt - Leselineal.de<\/title>\n<meta name=\"robots\" content=\"index, follow, max-snippet:-1, max-image-preview:large, max-video-preview:-1\" \/>\n<link rel=\"canonical\" href=\"https:\/\/leselineal.de\/index.php\/kontakt\/\" \/>\n<meta property=\"og:locale\" content=\"de_DE\" \/>\n<meta property=\"og:type\" content=\"article\" \/>\n<meta property=\"og:title\" content=\"Kontakt - Leselineal.de\" \/>\n<meta property=\"og:description\" content=\"Vielen Dank, dass Sie uns kontaktieren m\u00f6chten! Wir freuen uns, von Ihnen zu h\u00f6ren! Wenn Sie Fragen haben, weitere Informationen ben\u00f6tigen oder einfach nur mit uns sprechen m\u00f6chten, stehen wir\" \/>\n<meta property=\"og:url\" content=\"https:\/\/leselineal.de\/index.php\/kontakt\/\" \/>\n<meta property=\"og:site_name\" content=\"Leselineal.de\" \/>\n<meta property=\"article:modified_time\" content=\"2024-01-27T15:11:24+00:00\" \/>\n<meta name=\"twitter:card\" content=\"summary_large_image\" \/>\n<meta name=\"twitter:label1\" content=\"Gesch\u00e4tzte Lesezeit\" \/>\n\t<meta name=\"twitter:data1\" content=\"1\u00a0Minute\" \/>\n<script type=\"application\/ld+json\" class=\"yoast-schema-graph\">{\"@context\":\"https:\\\/\\\/schema.org\",\"@graph\":[{\"@type\":\"WebPage\",\"@id\":\"https:\\\/\\\/leselineal.de\\\/index.php\\\/kontakt\\\/\",\"url\":\"https:\\\/\\\/leselineal.de\\\/index.php\\\/kontakt\\\/\",\"name\":\"Kontakt - Leselineal.de\",\"isPartOf\":{\"@id\":\"https:\\\/\\\/leselineal.de\\\/#website\"},\"datePublished\":\"2024-01-25T10:21:31+00:00\",\"dateModified\":\"2024-01-27T15:11:24+00:00\",\"breadcrumb\":{\"@id\":\"https:\\\/\\\/leselineal.de\\\/index.php\\\/kontakt\\\/#breadcrumb\"},\"inLanguage\":\"de\",\"potentialAction\":[{\"@type\":\"ReadAction\",\"target\":[\"https:\\\/\\\/leselineal.de\\\/index.php\\\/kontakt\\\/\"]}]},{\"@type\":\"BreadcrumbList\",\"@id\":\"https:\\\/\\\/leselineal.de\\\/index.php\\\/kontakt\\\/#breadcrumb\",\"itemListElement\":[{\"@type\":\"ListItem\",\"position\":1,\"name\":\"Startseite\",\"item\":\"https:\\\/\\\/leselineal.de\\\/\"},{\"@type\":\"ListItem\",\"position\":2,\"name\":\"Kontakt\"}]},{\"@type\":\"WebSite\",\"@id\":\"https:\\\/\\\/leselineal.de\\\/#website\",\"url\":\"https:\\\/\\\/leselineal.de\\\/\",\"name\":\"Leselineal.de\",\"description\":\"\",\"publisher\":{\"@id\":\"https:\\\/\\\/leselineal.de\\\/#organization\"},\"potentialAction\":[{\"@type\":\"SearchAction\",\"target\":{\"@type\":\"EntryPoint\",\"urlTemplate\":\"https:\\\/\\\/leselineal.de\\\/?s={search_term_string}\"},\"query-input\":{\"@type\":\"PropertyValueSpecification\",\"valueRequired\":true,\"valueName\":\"search_term_string\"}}],\"inLanguage\":\"de\"},{\"@type\":\"Organization\",\"@id\":\"https:\\\/\\\/leselineal.de\\\/#organization\",\"name\":\"Leselineal.de\",\"url\":\"https:\\\/\\\/leselineal.de\\\/\",\"logo\":{\"@type\":\"ImageObject\",\"inLanguage\":\"de\",\"@id\":\"https:\\\/\\\/leselineal.de\\\/#\\\/schema\\\/logo\\\/image\\\/\",\"url\":\"https:\\\/\\\/leselineal.de\\\/wp-content\\\/uploads\\\/2024\\\/02\\\/cropped-fliege-2.png\",\"contentUrl\":\"https:\\\/\\\/leselineal.de\\\/wp-content\\\/uploads\\\/2024\\\/02\\\/cropped-fliege-2.png\",\"width\":141,\"height\":150,\"caption\":\"Leselineal.de\"},\"image\":{\"@id\":\"https:\\\/\\\/leselineal.de\\\/#\\\/schema\\\/logo\\\/image\\\/\"}}]}<\/script>\n<!-- \/ Yoast SEO plugin. -->","yoast_head_json":{"title":"Kontakt - Leselineal.de","robots":{"index":"index","follow":"follow","max-snippet":"max-snippet:-1","max-image-preview":"max-image-preview:large","max-video-preview":"max-video-preview:-1"},"canonical":"https:\/\/leselineal.de\/index.php\/kontakt\/","og_locale":"de_DE","og_type":"article","og_title":"Kontakt - Leselineal.de","og_description":"Vielen Dank, dass Sie uns kontaktieren m\u00f6chten! Wir freuen uns, von Ihnen zu h\u00f6ren! Wenn Sie Fragen haben, weitere Informationen ben\u00f6tigen oder einfach nur mit uns sprechen m\u00f6chten, stehen wir","og_url":"https:\/\/leselineal.de\/index.php\/kontakt\/","og_site_name":"Leselineal.de","article_modified_time":"2024-01-27T15:11:24+00:00","twitter_card":"summary_large_image","twitter_misc":{"Gesch\u00e4tzte Lesezeit":"1\u00a0Minute"},"schema":{"@context":"https:\/\/schema.org","@graph":[{"@type":"WebPage","@id":"https:\/\/leselineal.de\/index.php\/kontakt\/","url":"https:\/\/leselineal.de\/index.php\/kontakt\/","name":"Kontakt - Leselineal.de","isPartOf":{"@id":"https:\/\/leselineal.de\/#website"},"datePublished":"2024-01-25T10:21:31+00:00","dateModified":"2024-01-27T15:11:24+00:00","breadcrumb":{"@id":"https:\/\/leselineal.de\/index.php\/kontakt\/#breadcrumb"},"inLanguage":"de","potentialAction":[{"@type":"ReadAction","target":["https:\/\/leselineal.de\/index.php\/kontakt\/"]}]},{"@type":"BreadcrumbList","@id":"https:\/\/leselineal.de\/index.php\/kontakt\/#breadcrumb","itemListElement":[{"@type":"ListItem","position":1,"name":"Startseite","item":"https:\/\/leselineal.de\/"},{"@type":"ListItem","position":2,"name":"Kontakt"}]},{"@type":"WebSite","@id":"https:\/\/leselineal.de\/#website","url":"https:\/\/leselineal.de\/","name":"Leselineal.de","description":"","publisher":{"@id":"https:\/\/leselineal.de\/#organization"},"potentialAction":[{"@type":"SearchAction","target":{"@type":"EntryPoint","urlTemplate":"https:\/\/leselineal.de\/?s={search_term_string}"},"query-input":{"@type":"PropertyValueSpecification","valueRequired":true,"valueName":"search_term_string"}}],"inLanguage":"de"},{"@type":"Organization","@id":"https:\/\/leselineal.de\/#organization","name":"Leselineal.de","url":"https:\/\/leselineal.de\/","logo":{"@type":"ImageObject","inLanguage":"de","@id":"https:\/\/leselineal.de\/#\/schema\/logo\/image\/","url":"https:\/\/leselineal.de\/wp-content\/uploads\/2024\/02\/cropped-fliege-2.png","contentUrl":"https:\/\/leselineal.de\/wp-content\/uploads\/2024\/02\/cropped-fliege-2.png","width":141,"height":150,"caption":"Leselineal.de"},"image":{"@id":"https:\/\/leselineal.de\/#\/schema\/logo\/image\/"}}]}},"jetpack_sharing_enabled":true,"_links":{"self":[{"href":"https:\/\/leselineal.de\/index.php\/wp-json\/wp\/v2\/pages\/420","targetHints":{"allow":["GET"]}}],"collection":[{"href":"https:\/\/leselineal.de\/index.php\/wp-json\/wp\/v2\/pages"}],"about":[{"href":"https:\/\/leselineal.de\/index.php\/wp-json\/wp\/v2\/types\/page"}],"author":[{"embeddable":true,"href":"https:\/\/leselineal.de\/index.php\/wp-json\/wp\/v2\/users\/1"}],"replies":[{"embeddable":true,"href":"https:\/\/leselineal.de\/index.php\/wp-json\/wp\/v2\/comments?post=420"}],"version-history":[{"count":11,"href":"https:\/\/leselineal.de\/index.php\/wp-json\/wp\/v2\/pages\/420\/revisions"}],"predecessor-version":[{"id":455,"href":"https:\/\/leselineal.de\/index.php\/wp-json\/wp\/v2\/pages\/420\/revisions\/455"}],"wp:attachment":[{"href":"https:\/\/leselineal.de\/index.php\/wp-json\/wp\/v2\/media?parent=420"}],"curies":[{"name":"wp","href":"https:\/\/api.w.org\/{rel}","templated":true}]}}