{"id":208,"date":"2024-01-18T13:29:33","date_gmt":"2024-01-18T12:29:33","guid":{"rendered":"https:\/\/leselineal.de\/?page_id=208"},"modified":"2024-01-27T16:07:47","modified_gmt":"2024-01-27T15:07:47","slug":"lesehilfe-fuer-schulen","status":"publish","type":"page","link":"https:\/\/leselineal.de\/index.php\/lesehilfe-fuer-schulen\/","title":{"rendered":"Lesehilfe f\u00fcr Schulen"},"content":{"rendered":"\n<div class=\"wp-block-group alignfull has-text-color has-background\" style=\"color:#000000;background-color:#ffffff\"><div class=\"wp-block-group__inner-container is-layout-constrained wp-block-group-is-layout-constrained\">\n<div style=\"height:64px;width:0px\" aria-hidden=\"true\" class=\"wp-block-spacer\"><\/div>\n\n\n\n<div class=\"wp-block-columns is-layout-flex wp-container-core-columns-is-layout-9d6595d7 wp-block-columns-is-layout-flex\">\n<div class=\"wp-block-column is-layout-flow wp-block-column-is-layout-flow\" style=\"flex-basis:25%\"><\/div>\n\n\n\n<div class=\"wp-block-column is-layout-flow wp-block-column-is-layout-flow\" style=\"flex-basis:50%\">\n<p class=\"has-text-align-center has-medium-font-size\" style=\"line-height:.9\">Warum Schulen bei uns Lesehilfen und Leselineale aus <strong>HOLZ<\/strong> kaufen sollten?<\/p>\n\n\n\n<h2 class=\"wp-block-heading has-text-align-center\" id=\"schedule-a-visit\" style=\"font-size:20px;line-height:1.15\"><strong>Wir bieten hochwertige Lesehilfen und Leselineale aus Holz an, die sich ideal f\u00fcr den Einsatz in Bildungseinrichtungen eignen. <\/strong>H<strong>ier sind einige Gr\u00fcnde, warum Sie in Betracht ziehen sollten, diese Produkte zu erwerben. <\/strong><\/h2>\n\n\n\n<h2 class=\"wp-block-heading has-text-align-center\" id=\"schedule-a-visit\" style=\"font-size:20px;line-height:1.15\"><strong>Anfragen senden Sie bitte \u00fcber Ihre<\/strong><\/h2>\n\n\n\n<h2 class=\"wp-block-heading has-text-align-center\" id=\"schedule-a-visit\" style=\"font-size:20px;line-height:1.15\"><strong>Schul-E-Mail-Adresse:<\/strong><\/h2>\n\n\n\n<div class=\"wp-block-buttons is-horizontal is-content-justification-center is-layout-flex wp-container-core-buttons-is-layout-499968f5 wp-block-buttons-is-layout-flex\">\n<div class=\"wp-block-button has-custom-width wp-block-button__width-50\"><a class=\"wp-block-button__link has-luminous-vivid-orange-background-color has-text-color has-background wp-element-button\" style=\"border-radius:50px;color:#ffffff\">Kontaktieren Sie uns<\/a><\/div>\n<\/div>\n\n\n\n<div style=\"height:20px\" aria-hidden=\"true\" class=\"wp-block-spacer\"><\/div>\n\n\n\n<div class=\"wp-block-group alignwide\"><div class=\"wp-block-group__inner-container is-layout-constrained wp-block-group-is-layout-constrained\">\n<div class=\"wp-block-columns alignwide are-vertically-aligned-top center is-layout-flex wp-container-core-columns-is-layout-829b1d53 wp-block-columns-is-layout-flex\" style=\"margin-bottom:0\">\n<div class=\"wp-block-column is-vertically-aligned-top has-text-color has-background has-link-color wp-elements-68c147ec9203e390fe3f3c32537f1765 is-layout-flow wp-block-column-is-layout-flow\" style=\"color:#000000;background-color:#ffe97d;padding-top:2em;padding-right:2em;padding-bottom:2em;padding-left:2em;flex-basis:400px\">\n<h2 class=\"wp-block-heading\" id=\"single\" style=\"font-size:29px\">Qualit\u00e4t und Langlebigkeit <\/h2>\n\n\n\n<div style=\"height:15px\" aria-hidden=\"true\" class=\"wp-block-spacer\"><\/div>\n\n\n\n<hr class=\"wp-block-separator has-text-color has-css-opacity has-background is-style-wide\" style=\"background-color:#000000;color:#000000\"\/>\n\n\n\n<p>Unsere Lesehilfen und Leselineale werden aus hochwertigem Holz hergestellt, das eine lange Lebensdauer und Zuverl\u00e4ssigkeit gew\u00e4hrleistet. Dadurch k\u00f6nnen sie \u00fcber einen l\u00e4ngeren Zeitraum hinweg genutzt werden, was zu einer nachhaltigen Investition f\u00fcr Ihre Schule f\u00fchrt.<\/p>\n\n\n\n<div class=\"wp-block-buttons alignfull is-horizontal is-content-justification-center is-layout-flex wp-container-core-buttons-is-layout-499968f5 wp-block-buttons-is-layout-flex\"><\/div>\n<\/div>\n\n\n\n<div class=\"wp-block-column is-vertically-aligned-top has-text-color has-background has-link-color wp-elements-b96cc3bf2a5a1de33658b58aff187d07 is-layout-flow wp-block-column-is-layout-flow\" style=\"color:#000000;background-color:#c0ebf1;padding-top:2em;padding-right:2em;padding-bottom:2em;padding-left:2em;flex-basis:400px\">\n<h2 class=\"wp-block-heading\" id=\"patron\" style=\"font-size:29px\">Individuelle Gestaltungs-m\u00f6glichkeiten<\/h2>\n\n\n\n<hr class=\"wp-block-separator has-text-color has-black-color has-alpha-channel-opacity has-black-background-color has-background is-style-wide\"\/>\n\n\n\n<p>Bei gr\u00f6\u00dferen St\u00fcckzahlen bieten wir die M\u00f6glichkeit einer individuellen Gestaltung in Bezug auf Gr\u00f6\u00dfe, Schnittform und andere spezifische Anforderungen. Dies erm\u00f6glicht es Schulen, ma\u00dfgeschneiderte Produkte zu erhalten, die perfekt auf ihre Bed\u00fcrfnisse zugeschnitten sind.<\/p>\n\n\n\n<div class=\"wp-block-buttons alignfull is-horizontal is-content-justification-center is-layout-flex wp-container-core-buttons-is-layout-499968f5 wp-block-buttons-is-layout-flex\"><\/div>\n<\/div>\n<\/div>\n<\/div><\/div>\n\n\n\n<div style=\"height:20px\" aria-hidden=\"true\" class=\"wp-block-spacer\"><\/div>\n\n\n\n<div class=\"wp-block-group alignwide\"><div class=\"wp-block-group__inner-container is-layout-constrained wp-block-group-is-layout-constrained\">\n<div class=\"wp-block-columns alignwide is-layout-flex wp-container-core-columns-is-layout-829b1d53 wp-block-columns-is-layout-flex\" style=\"margin-bottom:0\">\n<div class=\"wp-block-column has-text-color has-background has-link-color wp-elements-571b999d488039724fb5028d293a259a is-layout-flow wp-block-column-is-layout-flow\" style=\"color:#000000;background-color:#fcac00;padding-top:2em;padding-right:2em;padding-bottom:2em;padding-left:2em\">\n<h2 class=\"wp-block-heading\" id=\"single\" style=\"font-size:29px\">Rabatte f\u00fcr Schulen und Lehrer: <\/h2>\n\n\n\n<div style=\"height:15px\" aria-hidden=\"true\" class=\"wp-block-spacer\"><\/div>\n\n\n\n<hr class=\"wp-block-separator has-text-color has-css-opacity has-background is-style-wide\" style=\"background-color:#000000;color:#000000\"\/>\n\n\n\n<p>Wir gew\u00e4hren attraktive Rabatte f\u00fcr Schulen und Lehrer, um den Erwerb unserer Produkte noch erschwinglicher zu gestalten. Dadurch k\u00f6nnen Sie Kosten sparen und dennoch von hochwertigen Lesehilfen und Leselinealen profitieren.<\/p>\n<\/div>\n\n\n\n<div class=\"wp-block-column has-light-green-cyan-background-color has-text-color has-background has-link-color wp-elements-385a676ef8b14de38f74a160fb5a46de is-layout-flow wp-block-column-is-layout-flow\" style=\"color:#000000;padding-top:2em;padding-right:2em;padding-bottom:2em;padding-left:2em\">\n<h2 class=\"wp-block-heading\" id=\"patron\" style=\"font-size:29px\">F\u00f6rderung des Leseverst\u00e4ndnisses<\/h2>\n\n\n\n<hr class=\"wp-block-separator has-text-color has-black-color has-alpha-channel-opacity has-black-background-color has-background is-style-wide\"\/>\n\n\n\n<p>Durch den Einsatz von hochwertigen Lesehilfen und Leselinealen aus Holz k\u00f6nnen Schulen das Leseverst\u00e4ndnis und die Lesekompetenz ihrer Sch\u00fclerinnen und Sch\u00fcler f\u00f6rdern. Unsere Produkte tragen dazu bei, das Leseerlebnis zu verbessern und den Lernprozess zu unterst\u00fctzen.<\/p>\n\n\n\n<div class=\"wp-block-buttons alignfull is-horizontal is-content-justification-center is-layout-flex wp-container-core-buttons-is-layout-499968f5 wp-block-buttons-is-layout-flex\"><\/div>\n<\/div>\n<\/div>\n<\/div><\/div>\n\n\n\n<div style=\"height:22px\" aria-hidden=\"true\" class=\"wp-block-spacer\"><\/div>\n\n\n\n<h2 class=\"wp-block-heading has-text-align-center\" id=\"schedule-a-visit\" style=\"font-size:20px;line-height:1.15\"><strong>Wir sind davon \u00fcberzeugt, dass der Einsatz unserer Lesehilfen und Leselineale aus Holz einen Mehrwert f\u00fcr Ihre Schule schaffen kann. Gerne stehen wir Ihnen f\u00fcr weitere Informationen zur Verf\u00fcgung und freuen uns darauf, Sie bei der Verbesserung der Leseerfahrung Ihrer Sch\u00fclerinnen und Sch\u00fcler zu unterst\u00fctzen.<\/strong><\/h2>\n\n\n\n<div class=\"wp-block-buttons is-horizontal is-content-justification-center is-layout-flex wp-container-core-buttons-is-layout-499968f5 wp-block-buttons-is-layout-flex\">\n<div class=\"wp-block-button has-custom-width wp-block-button__width-50\"><a class=\"wp-block-button__link has-luminous-vivid-orange-background-color has-text-color has-background wp-element-button\" style=\"border-radius:50px;color:#ffffff\">Kontaktieren Sie uns<\/a><\/div>\n<\/div>\n\n\n\n<div style=\"height:64px\" aria-hidden=\"true\" class=\"wp-block-spacer\"><\/div>\n<\/div>\n\n\n\n<div class=\"wp-block-column is-layout-flow wp-block-column-is-layout-flow\" style=\"flex-basis:25%\"><\/div>\n<\/div>\n<\/div><\/div>\n","protected":false},"excerpt":{"rendered":"<p>Warum Schulen bei uns Lesehilfen und Leselineale aus HOLZ kaufen sollten? Wir bieten hochwertige Lesehilfen und Leselineale aus Holz an, die sich ideal f\u00fcr den Einsatz in Bildungseinrichtungen eignen. Hier<\/p>\n","protected":false},"author":1,"featured_media":0,"parent":0,"menu_order":0,"comment_status":"closed","ping_status":"closed","template":"","meta":{"footnotes":""},"class_list":{"1":"page","2":"type-page","3":"status-publish","4":"hentry"},"yoast_head":"<!-- This site is optimized with the Yoast SEO plugin v27.3 - https:\/\/yoast.com\/product\/yoast-seo-wordpress\/ -->\n<title>Lesehilfe f\u00fcr Schulen - Leselineal.de<\/title>\n<meta name=\"robots\" content=\"index, follow, max-snippet:-1, max-image-preview:large, max-video-preview:-1\" \/>\n<link rel=\"canonical\" href=\"https:\/\/leselineal.de\/index.php\/lesehilfe-fuer-schulen\/\" \/>\n<meta property=\"og:locale\" content=\"de_DE\" \/>\n<meta property=\"og:type\" content=\"article\" \/>\n<meta property=\"og:title\" content=\"Lesehilfe f\u00fcr Schulen - Leselineal.de\" \/>\n<meta property=\"og:description\" content=\"Warum Schulen bei uns Lesehilfen und Leselineale aus HOLZ kaufen sollten? Wir bieten hochwertige Lesehilfen und Leselineale aus Holz an, die sich ideal f\u00fcr den Einsatz in Bildungseinrichtungen eignen. Hier\" \/>\n<meta property=\"og:url\" content=\"https:\/\/leselineal.de\/index.php\/lesehilfe-fuer-schulen\/\" \/>\n<meta property=\"og:site_name\" content=\"Leselineal.de\" \/>\n<meta property=\"article:modified_time\" content=\"2024-01-27T15:07:47+00:00\" \/>\n<meta name=\"twitter:card\" content=\"summary_large_image\" \/>\n<meta name=\"twitter:label1\" content=\"Gesch\u00e4tzte Lesezeit\" \/>\n\t<meta name=\"twitter:data1\" content=\"2\u00a0Minuten\" \/>\n<script type=\"application\/ld+json\" class=\"yoast-schema-graph\">{\"@context\":\"https:\\\/\\\/schema.org\",\"@graph\":[{\"@type\":\"WebPage\",\"@id\":\"https:\\\/\\\/leselineal.de\\\/index.php\\\/lesehilfe-fuer-schulen\\\/\",\"url\":\"https:\\\/\\\/leselineal.de\\\/index.php\\\/lesehilfe-fuer-schulen\\\/\",\"name\":\"Lesehilfe f\u00fcr Schulen - Leselineal.de\",\"isPartOf\":{\"@id\":\"https:\\\/\\\/leselineal.de\\\/#website\"},\"datePublished\":\"2024-01-18T12:29:33+00:00\",\"dateModified\":\"2024-01-27T15:07:47+00:00\",\"breadcrumb\":{\"@id\":\"https:\\\/\\\/leselineal.de\\\/index.php\\\/lesehilfe-fuer-schulen\\\/#breadcrumb\"},\"inLanguage\":\"de\",\"potentialAction\":[{\"@type\":\"ReadAction\",\"target\":[\"https:\\\/\\\/leselineal.de\\\/index.php\\\/lesehilfe-fuer-schulen\\\/\"]}]},{\"@type\":\"BreadcrumbList\",\"@id\":\"https:\\\/\\\/leselineal.de\\\/index.php\\\/lesehilfe-fuer-schulen\\\/#breadcrumb\",\"itemListElement\":[{\"@type\":\"ListItem\",\"position\":1,\"name\":\"Startseite\",\"item\":\"https:\\\/\\\/leselineal.de\\\/\"},{\"@type\":\"ListItem\",\"position\":2,\"name\":\"Lesehilfe f\u00fcr Schulen\"}]},{\"@type\":\"WebSite\",\"@id\":\"https:\\\/\\\/leselineal.de\\\/#website\",\"url\":\"https:\\\/\\\/leselineal.de\\\/\",\"name\":\"Leselineal.de\",\"description\":\"\",\"publisher\":{\"@id\":\"https:\\\/\\\/leselineal.de\\\/#organization\"},\"potentialAction\":[{\"@type\":\"SearchAction\",\"target\":{\"@type\":\"EntryPoint\",\"urlTemplate\":\"https:\\\/\\\/leselineal.de\\\/?s={search_term_string}\"},\"query-input\":{\"@type\":\"PropertyValueSpecification\",\"valueRequired\":true,\"valueName\":\"search_term_string\"}}],\"inLanguage\":\"de\"},{\"@type\":\"Organization\",\"@id\":\"https:\\\/\\\/leselineal.de\\\/#organization\",\"name\":\"Leselineal.de\",\"url\":\"https:\\\/\\\/leselineal.de\\\/\",\"logo\":{\"@type\":\"ImageObject\",\"inLanguage\":\"de\",\"@id\":\"https:\\\/\\\/leselineal.de\\\/#\\\/schema\\\/logo\\\/image\\\/\",\"url\":\"https:\\\/\\\/leselineal.de\\\/wp-content\\\/uploads\\\/2024\\\/02\\\/cropped-fliege-2.png\",\"contentUrl\":\"https:\\\/\\\/leselineal.de\\\/wp-content\\\/uploads\\\/2024\\\/02\\\/cropped-fliege-2.png\",\"width\":141,\"height\":150,\"caption\":\"Leselineal.de\"},\"image\":{\"@id\":\"https:\\\/\\\/leselineal.de\\\/#\\\/schema\\\/logo\\\/image\\\/\"}}]}<\/script>\n<!-- \/ Yoast SEO plugin. -->","yoast_head_json":{"title":"Lesehilfe f\u00fcr Schulen - Leselineal.de","robots":{"index":"index","follow":"follow","max-snippet":"max-snippet:-1","max-image-preview":"max-image-preview:large","max-video-preview":"max-video-preview:-1"},"canonical":"https:\/\/leselineal.de\/index.php\/lesehilfe-fuer-schulen\/","og_locale":"de_DE","og_type":"article","og_title":"Lesehilfe f\u00fcr Schulen - Leselineal.de","og_description":"Warum Schulen bei uns Lesehilfen und Leselineale aus HOLZ kaufen sollten? Wir bieten hochwertige Lesehilfen und Leselineale aus Holz an, die sich ideal f\u00fcr den Einsatz in Bildungseinrichtungen eignen. Hier","og_url":"https:\/\/leselineal.de\/index.php\/lesehilfe-fuer-schulen\/","og_site_name":"Leselineal.de","article_modified_time":"2024-01-27T15:07:47+00:00","twitter_card":"summary_large_image","twitter_misc":{"Gesch\u00e4tzte Lesezeit":"2\u00a0Minuten"},"schema":{"@context":"https:\/\/schema.org","@graph":[{"@type":"WebPage","@id":"https:\/\/leselineal.de\/index.php\/lesehilfe-fuer-schulen\/","url":"https:\/\/leselineal.de\/index.php\/lesehilfe-fuer-schulen\/","name":"Lesehilfe f\u00fcr Schulen - Leselineal.de","isPartOf":{"@id":"https:\/\/leselineal.de\/#website"},"datePublished":"2024-01-18T12:29:33+00:00","dateModified":"2024-01-27T15:07:47+00:00","breadcrumb":{"@id":"https:\/\/leselineal.de\/index.php\/lesehilfe-fuer-schulen\/#breadcrumb"},"inLanguage":"de","potentialAction":[{"@type":"ReadAction","target":["https:\/\/leselineal.de\/index.php\/lesehilfe-fuer-schulen\/"]}]},{"@type":"BreadcrumbList","@id":"https:\/\/leselineal.de\/index.php\/lesehilfe-fuer-schulen\/#breadcrumb","itemListElement":[{"@type":"ListItem","position":1,"name":"Startseite","item":"https:\/\/leselineal.de\/"},{"@type":"ListItem","position":2,"name":"Lesehilfe f\u00fcr Schulen"}]},{"@type":"WebSite","@id":"https:\/\/leselineal.de\/#website","url":"https:\/\/leselineal.de\/","name":"Leselineal.de","description":"","publisher":{"@id":"https:\/\/leselineal.de\/#organization"},"potentialAction":[{"@type":"SearchAction","target":{"@type":"EntryPoint","urlTemplate":"https:\/\/leselineal.de\/?s={search_term_string}"},"query-input":{"@type":"PropertyValueSpecification","valueRequired":true,"valueName":"search_term_string"}}],"inLanguage":"de"},{"@type":"Organization","@id":"https:\/\/leselineal.de\/#organization","name":"Leselineal.de","url":"https:\/\/leselineal.de\/","logo":{"@type":"ImageObject","inLanguage":"de","@id":"https:\/\/leselineal.de\/#\/schema\/logo\/image\/","url":"https:\/\/leselineal.de\/wp-content\/uploads\/2024\/02\/cropped-fliege-2.png","contentUrl":"https:\/\/leselineal.de\/wp-content\/uploads\/2024\/02\/cropped-fliege-2.png","width":141,"height":150,"caption":"Leselineal.de"},"image":{"@id":"https:\/\/leselineal.de\/#\/schema\/logo\/image\/"}}]}},"jetpack_sharing_enabled":true,"_links":{"self":[{"href":"https:\/\/leselineal.de\/index.php\/wp-json\/wp\/v2\/pages\/208","targetHints":{"allow":["GET"]}}],"collection":[{"href":"https:\/\/leselineal.de\/index.php\/wp-json\/wp\/v2\/pages"}],"about":[{"href":"https:\/\/leselineal.de\/index.php\/wp-json\/wp\/v2\/types\/page"}],"author":[{"embeddable":true,"href":"https:\/\/leselineal.de\/index.php\/wp-json\/wp\/v2\/users\/1"}],"replies":[{"embeddable":true,"href":"https:\/\/leselineal.de\/index.php\/wp-json\/wp\/v2\/comments?post=208"}],"version-history":[{"count":26,"href":"https:\/\/leselineal.de\/index.php\/wp-json\/wp\/v2\/pages\/208\/revisions"}],"predecessor-version":[{"id":454,"href":"https:\/\/leselineal.de\/index.php\/wp-json\/wp\/v2\/pages\/208\/revisions\/454"}],"wp:attachment":[{"href":"https:\/\/leselineal.de\/index.php\/wp-json\/wp\/v2\/media?parent=208"}],"curies":[{"name":"wp","href":"https:\/\/api.w.org\/{rel}","templated":true}]}}